{"id":10,"date":"2023-06-05T11:47:12","date_gmt":"2023-06-05T09:47:12","guid":{"rendered":"https:\/\/www.specialtrainingdogs.it\/?page_id=10"},"modified":"2023-07-17T12:37:23","modified_gmt":"2023-07-17T10:37:23","slug":"chi-siamo","status":"publish","type":"page","link":"https:\/\/www.specialtrainingdogs.it\/index.php\/chi-siamo\/","title":{"rendered":"Chi siamo"},"content":{"rendered":"\t\t<div data-elementor-type=\"wp-page\" data-elementor-id=\"10\" class=\"elementor elementor-10\">\n\t\t\t\t\t\t\t\t\t<section class=\"elementor-section elementor-top-section elementor-element elementor-element-33152eb elementor-section-boxed elementor-section-height-default elementor-section-height-default\" data-id=\"33152eb\" data-element_type=\"section\">\n\t\t\t\t\t\t<div class=\"elementor-container elementor-column-gap-default\">\n\t\t\t\t\t<div class=\"elementor-column elementor-col-100 elementor-top-column elementor-element elementor-element-823d523\" data-id=\"823d523\" data-element_type=\"column\">\n\t\t\t<div class=\"elementor-widget-wrap elementor-element-populated\">\n\t\t\t\t\t\t\t\t<div class=\"elementor-element elementor-element-28c1f9b elementor-widget__width-initial elementor-widget elementor-widget-text-editor\" data-id=\"28c1f9b\" data-element_type=\"widget\" data-widget_type=\"text-editor.default\">\n\t\t\t\t<div class=\"elementor-widget-container\">\n\t\t\t<style>\/*! elementor - v3.13.3 - 28-05-2023 *\/\n.elementor-widget-text-editor.elementor-drop-cap-view-stacked .elementor-drop-cap{background-color:#69727d;color:#fff}.elementor-widget-text-editor.elementor-drop-cap-view-framed .elementor-drop-cap{color:#69727d;border:3px solid;background-color:transparent}.elementor-widget-text-editor:not(.elementor-drop-cap-view-default) .elementor-drop-cap{margin-top:8px}.elementor-widget-text-editor:not(.elementor-drop-cap-view-default) .elementor-drop-cap-letter{width:1em;height:1em}.elementor-widget-text-editor .elementor-drop-cap{float:left;text-align:center;line-height:1;font-size:50px}.elementor-widget-text-editor .elementor-drop-cap-letter{display:inline-block}<\/style>\t\t\t\t<div class=\"heading-left-border\" style=\"color: #212529; font-family: Rubik, sans-serif;\"><h3 style=\"margin: 0px; font-weight: 500; line-height: 1.2; font-size: 24px; color: var(--paragraph-color); padding-top: 25px;\"><span style=\"color: #808080; font-family: Poppins, sans-serif; font-size: 16px;\"><img loading=\"lazy\" decoding=\"async\" class=\"alignleft wp-image-6481 size-medium\" src=\"https:\/\/www.specialtrainingdogs.it\/wp-content\/uploads\/2023\/07\/9FAD2D6F-9856-4DD2-A1D6-B296535FCF1B-206x300.jpeg\" alt=\"\" width=\"206\" height=\"300\" srcset=\"https:\/\/www.specialtrainingdogs.it\/wp-content\/uploads\/2023\/07\/9FAD2D6F-9856-4DD2-A1D6-B296535FCF1B-206x300.jpeg 206w, https:\/\/www.specialtrainingdogs.it\/wp-content\/uploads\/2023\/07\/9FAD2D6F-9856-4DD2-A1D6-B296535FCF1B-703x1024.jpeg 703w, https:\/\/www.specialtrainingdogs.it\/wp-content\/uploads\/2023\/07\/9FAD2D6F-9856-4DD2-A1D6-B296535FCF1B-768x1118.jpeg 768w, https:\/\/www.specialtrainingdogs.it\/wp-content\/uploads\/2023\/07\/9FAD2D6F-9856-4DD2-A1D6-B296535FCF1B-1055x1536.jpeg 1055w, https:\/\/www.specialtrainingdogs.it\/wp-content\/uploads\/2023\/07\/9FAD2D6F-9856-4DD2-A1D6-B296535FCF1B-1406x2048.jpeg 1406w, https:\/\/www.specialtrainingdogs.it\/wp-content\/uploads\/2023\/07\/9FAD2D6F-9856-4DD2-A1D6-B296535FCF1B-600x874.jpeg 600w, https:\/\/www.specialtrainingdogs.it\/wp-content\/uploads\/2023\/07\/9FAD2D6F-9856-4DD2-A1D6-B296535FCF1B-1200x1747.jpeg 1200w, https:\/\/www.specialtrainingdogs.it\/wp-content\/uploads\/2023\/07\/9FAD2D6F-9856-4DD2-A1D6-B296535FCF1B.jpeg 1530w\" sizes=\"auto, (max-width: 206px) 100vw, 206px\" \/>Il mio percorso di vita con la natura animale inizi\u00f2 molto prima che con gli esseri umani; ebbe inizio nel lontano 1970, vista la giovane et\u00e0 orientarsi non era facile. Ci\u00f2 che mi guid\u00f2 fu la forte curiosit\u00e0 che ancora oggi, a 61 anni, \u00e8 la fonte dove attingo la forza per la ricerca. Con grande sacrificio ed una buona dose di coraggio, ebbi la possibilit\u00e0 di rapportarmi con alcune specie animali tra cui Lupi e grandi felini, scimmie e rapaci. Usando la tecnica della non azione (osservazione-assimilazione) imparai moltissimo.<\/span><\/h3><\/div><p style=\"margin-bottom: 1rem; line-height: 24px; color: var(--paragraph-color); font-family: Poppins, sans-serif; padding-top: 25px;\"><span style=\"color: #808080;\">Iniziai a fare tirocinio alla Prima Valletta (Villa Borghese). Dopo qualche anno decisi di fondare il primo centro in zona Borghesiana(RM) con l&#8217;amico Felice Odorizi (1984). Si lavorava seguendo, esponendo e addestrando Pastori-Rottweiler e soprattutto Dobermann tra la Germania e l&#8217;Italia con l&#8217;affisso nero selvaggio, di propriet\u00e0 del sig. Felice Odorizi, amico squisito<\/span><\/p><p style=\"margin-bottom: 1rem; line-height: 24px; color: var(--paragraph-color); font-family: Poppins, sans-serif; padding-top: 25px;\"><span style=\"color: #808080;\">Dopo diversi anni di Expo e Sport, pur avendo ricevuto molte gratificazioni, mi resi conto che gare, medaglie e coppe, mi stavano allontanando dalla vera passione che avevo ricevuto dalla vita stessa, causandomi sempre pi\u00f9 il bisogno di possedere ed esporre animali (cani) con l&#8217;unico scopo di accrescere il mio ego.<\/span><\/p><p style=\"margin-bottom: 1rem; line-height: 24px; color: var(--paragraph-color); font-family: Poppins, sans-serif; padding-top: 25px;\"><span style=\"color: #808080;\">Negli anni 90 decisi di seguire la mia autentica passione e fondai la scuola S.T.D. (Special Training Dogs) con lo scopo primario di lavorare, testare e allevare cani con forte discernimento negli interventi reali della quotidianita&#8217;. Trovando cosi&#8217; il mio vero mondo ho perseverato fino ad oggi negli studi e nella ricerca di metodi totalmente diversi da quelli tradizionali. Ho ampliato cosi&#8217; la mia zona di confort.<\/span><\/p><p style=\"margin-bottom: 1rem; line-height: 24px; color: var(--paragraph-color); font-family: Poppins, sans-serif; padding-top: 25px;\"><span style=\"color: #808080;\">Con passione, da anni, mi occupo anche di formazione per gli umani ottenendo buonissimi risultati volti all&#8217;investimento nella banca del tempo, con relazioni piu&#8217; armoniche con i binomi. Grazie agli animali, aprendo lo scrigno, mi resi conto che li amavo perche&#8217; attraverso essi capii quanto l&#8217;umano fosse frammentato. Questo lungo e profondo percorso di ricerca e studi uomo-cane, oggi mi ha donato un&#8217;acuta consapevolezza in entrambe le direzioni.<\/span><\/p><p style=\"margin-bottom: 1rem; line-height: 24px; color: var(--paragraph-color); font-family: Poppins, sans-serif; padding-top: 25px;\"><span style=\"color: #808080; font-weight: var( --e-global-typography-text-font-weight );\">Da circa 10 anni insieme a mio figlio Simone ed alcuni amici storici, la S.T.D. si sta trasformando in un&#8217;accademia con l&#8217;obiettivo di formare non solo addestratori ma cinofacilitatori, attraverso seminari di consapevolezza per uomo-cane.<\/span><\/p>\t\t\t\t\t\t<\/div>\n\t\t\t\t<\/div>\n\t\t\t\t\t<\/div>\n\t\t<\/div>\n\t\t\t\t\t\t\t<\/div>\n\t\t<\/section>\n\t\t\t\t<section class=\"elementor-section elementor-top-section elementor-element elementor-element-83fe6c2 elementor-section-boxed elementor-section-height-default elementor-section-height-default\" data-id=\"83fe6c2\" data-element_type=\"section\">\n\t\t\t\t\t\t<div class=\"elementor-container elementor-column-gap-default\">\n\t\t\t\t\t<div class=\"elementor-column elementor-col-50 elementor-top-column elementor-element elementor-element-ae96bf3\" data-id=\"ae96bf3\" data-element_type=\"column\">\n\t\t\t<div class=\"elementor-widget-wrap\">\n\t\t\t\t\t\t\t\t\t<\/div>\n\t\t<\/div>\n\t\t\t\t<div class=\"elementor-column elementor-col-50 elementor-top-column elementor-element elementor-element-6e6d0aa\" data-id=\"6e6d0aa\" data-element_type=\"column\">\n\t\t\t<div class=\"elementor-widget-wrap elementor-element-populated\">\n\t\t\t\t\t\t\t\t<div class=\"elementor-element elementor-element-a497c43 elementor-widget__width-initial elementor-widget elementor-widget-image\" data-id=\"a497c43\" data-element_type=\"widget\" data-widget_type=\"image.default\">\n\t\t\t\t<div class=\"elementor-widget-container\">\n\t\t\t<style>\/*! elementor - v3.13.3 - 28-05-2023 *\/\n.elementor-widget-image{text-align:center}.elementor-widget-image a{display:inline-block}.elementor-widget-image a img[src$=\".svg\"]{width:48px}.elementor-widget-image img{vertical-align:middle;display:inline-block}<\/style>\t\t\t\t\t\t\t\t\t\t\t\t<img loading=\"lazy\" decoding=\"async\" width=\"950\" height=\"950\" src=\"https:\/\/www.specialtrainingdogs.it\/wp-content\/uploads\/2023\/07\/4333B0CF-87BA-4F9E-8F5D-72C702517228-1024x1024.png\" class=\"attachment-large size-large wp-image-6500\" alt=\"\" srcset=\"https:\/\/www.specialtrainingdogs.it\/wp-content\/uploads\/2023\/07\/4333B0CF-87BA-4F9E-8F5D-72C702517228-1024x1024.png 1024w, https:\/\/www.specialtrainingdogs.it\/wp-content\/uploads\/2023\/07\/4333B0CF-87BA-4F9E-8F5D-72C702517228-300x300.png 300w, https:\/\/www.specialtrainingdogs.it\/wp-content\/uploads\/2023\/07\/4333B0CF-87BA-4F9E-8F5D-72C702517228-150x150.png 150w, https:\/\/www.specialtrainingdogs.it\/wp-content\/uploads\/2023\/07\/4333B0CF-87BA-4F9E-8F5D-72C702517228-768x768.png 768w, https:\/\/www.specialtrainingdogs.it\/wp-content\/uploads\/2023\/07\/4333B0CF-87BA-4F9E-8F5D-72C702517228-600x600.png 600w, https:\/\/www.specialtrainingdogs.it\/wp-content\/uploads\/2023\/07\/4333B0CF-87BA-4F9E-8F5D-72C702517228-800x800.png 800w, https:\/\/www.specialtrainingdogs.it\/wp-content\/uploads\/2023\/07\/4333B0CF-87BA-4F9E-8F5D-72C702517228.png 1080w\" sizes=\"auto, 100vw\" \/>\t\t\t\t\t\t\t\t\t\t\t\t\t\t\t<\/div>\n\t\t\t\t<\/div>\n\t\t\t\t\t<\/div>\n\t\t<\/div>\n\t\t\t\t\t\t\t<\/div>\n\t\t<\/section>\n\t\t\t\t<section class=\"elementor-section elementor-top-section elementor-element elementor-element-9366604 elementor-section-boxed elementor-section-height-default elementor-section-height-default\" data-id=\"9366604\" data-element_type=\"section\">\n\t\t\t\t\t\t<div class=\"elementor-container elementor-column-gap-default\">\n\t\t\t\t\t<div class=\"elementor-column elementor-col-100 elementor-top-column elementor-element elementor-element-8fa3728\" data-id=\"8fa3728\" data-element_type=\"column\">\n\t\t\t<div class=\"elementor-widget-wrap elementor-element-populated\">\n\t\t\t\t\t\t\t\t<div class=\"elementor-element elementor-element-da05071 elementor-widget elementor-widget-text-editor\" data-id=\"da05071\" data-element_type=\"widget\" data-widget_type=\"text-editor.default\">\n\t\t\t\t<div class=\"elementor-widget-container\">\n\t\t\t\t\t\t\t<p><img loading=\"lazy\" decoding=\"async\" class=\"alignleft wp-image-6405 size-medium\" src=\"https:\/\/www.specialtrainingdogs.it\/wp-content\/uploads\/2023\/06\/simone--225x300.jpg\" alt=\"Laboratorio outdoor\" width=\"225\" height=\"300\" srcset=\"https:\/\/www.specialtrainingdogs.it\/wp-content\/uploads\/2023\/06\/simone--225x300.jpg 225w, https:\/\/www.specialtrainingdogs.it\/wp-content\/uploads\/2023\/06\/simone--768x1024.jpg 768w, https:\/\/www.specialtrainingdogs.it\/wp-content\/uploads\/2023\/06\/simone--600x800.jpg 600w, https:\/\/www.specialtrainingdogs.it\/wp-content\/uploads\/2023\/06\/simone-.jpg 960w\" sizes=\"auto, (max-width: 225px) 100vw, 225px\" \/><span style=\"color: var( --e-global-color-text ); font-family: var( --e-global-typography-text-font-family ), Sans-serif; font-weight: var( --e-global-typography-text-font-weight );\">\u00a0Essere nato in una famiglia che vive con e per gli animali \u00e8 stato sicuramente un grande dono una base di partenza che non tutti possono avere, sin da bambino ho avuto la possibilit\u00e0 di stare a contatto con un gran numero di specie e razze diverse di animali, mentre crescevo con la dote di buon osservatore che mi ha sempre contraddistinto, emulavo mio padre con ammirazione nel rapportarsi con essi, la stessa ammirazione\u00a0 riconosciutagli dalle molte persone a cui gli veniva affidato il compito di risolvere problematiche caratteriali dei propri cani, ovviamente vista l&#8217;et\u00e0\u00a0 frequentavo i suoi campi con il ruolo di spettatore, per me una vera e propria scuola empirica.<\/span><\/p><p><span style=\"color: var( --e-global-color-text ); font-family: var( --e-global-typography-text-font-family ), Sans-serif; font-weight: var( --e-global-typography-text-font-weight );\">Nel 2010 all&#8217;eta di 22 anni decisi di esplorare da vicino il\u00a0 mondo dell&#8217;equitazione, una parentesi\u00a0 della mia vita che dur\u00f2 4 anni un percorso distante ma non troppo da quello famigliare che mi serv\u00ec a sperimentare per la prima volta cosa volesse dire veramente essere allievo nel binomio.<\/span><\/p><p><span style=\"color: var( --e-global-color-text ); font-family: var( --e-global-typography-text-font-family ), Sans-serif; font-weight: var( --e-global-typography-text-font-weight );\">\u00a0Fatto tesoro di questa esperienza, con i predati e le varie tecniche di addestramento, fui spinto da una forte voglia di trasmettere cosa aveva saputo darmi in cambio dei sacrifici la vera scuola,\u00a0 la NATURA, mettere al servizio degli altri la propria esperienza ovviamente nutre un p\u00f2 di Ego, ma oltre l&#8217;intento principale di aiutare le persone a tradurre\/interpretare la comunicazione animale,\u00a0 sia interspecifica o intraspecifica ,quello che poi mi spinse a catapultarmi sul campo insieme a mio padre, \u00e8 senza dubbio la missione di portare alle persone la consapevolezza che si siamo gli esseri piu evoluti ma non per questo i piu forti e tantomeno i migliori.<\/span><\/p><p><span style=\"color: var( --e-global-color-text ); font-family: var( --e-global-typography-text-font-family ), Sans-serif; font-weight: var( --e-global-typography-text-font-weight );\">Tutto \u00e8 in costante evoluzione e questo inevitabilmente induce al cambiamento, e come in ogni ciclo storico tra gli uomini questo comporta pareri discordanti e incomprensioni.<\/span><\/p><p><span style=\"color: var( --e-global-color-text ); font-family: var( --e-global-typography-text-font-family ), Sans-serif; font-weight: var( --e-global-typography-text-font-weight );\">\u00a0Nel 2022\u00a0 presi il riconoscimento di addestratore cinofilo\u00a0 riconosciuto dall&#8217;Ente Cinofila Nazionale, con molta onest\u00e0 non sento di etichettarmi con il ruolo di addestratore,\u00a0 insieme a mio padre con il quale siamo sempre alla ricerca abbiamo deciso di fondare l&#8217;Accademia S.T.D. che andr\u00e0 a raccontare come e cosa si pu\u00f2 dare ai binomi oltre l&#8217;addestramento.\u00a0<\/span><\/p><p>\u00a0<\/p><p>\u00a0<\/p>\t\t\t\t\t\t<\/div>\n\t\t\t\t<\/div>\n\t\t\t\t\t<\/div>\n\t\t<\/div>\n\t\t\t\t\t\t\t<\/div>\n\t\t<\/section>\n\t\t\t\t<section class=\"elementor-section elementor-top-section elementor-element elementor-element-cd400a6 elementor-section-boxed elementor-section-height-default elementor-section-height-default\" data-id=\"cd400a6\" data-element_type=\"section\">\n\t\t\t\t\t\t<div class=\"elementor-container elementor-column-gap-default\">\n\t\t\t\t\t<div class=\"elementor-column elementor-col-50 elementor-top-column elementor-element elementor-element-bb699ad\" data-id=\"bb699ad\" data-element_type=\"column\">\n\t\t\t<div class=\"elementor-widget-wrap\">\n\t\t\t\t\t\t\t\t\t<\/div>\n\t\t<\/div>\n\t\t\t\t<div class=\"elementor-column elementor-col-50 elementor-top-column elementor-element elementor-element-7f298e4\" data-id=\"7f298e4\" data-element_type=\"column\">\n\t\t\t<div class=\"elementor-widget-wrap elementor-element-populated\">\n\t\t\t\t\t\t\t\t<div class=\"elementor-element elementor-element-61fa00e elementor-widget elementor-widget-image\" data-id=\"61fa00e\" data-element_type=\"widget\" data-widget_type=\"image.default\">\n\t\t\t\t<div class=\"elementor-widget-container\">\n\t\t\t\t\t\t\t\t\t\t\t\t\t\t\t<img loading=\"lazy\" decoding=\"async\" width=\"950\" height=\"950\" src=\"https:\/\/www.specialtrainingdogs.it\/wp-content\/uploads\/2023\/07\/E0A7610E-F184-45C9-B245-DB03ED92DBEE-1024x1024.png\" class=\"attachment-large size-large wp-image-6499\" alt=\"Addestratore cinofilo\" srcset=\"https:\/\/www.specialtrainingdogs.it\/wp-content\/uploads\/2023\/07\/E0A7610E-F184-45C9-B245-DB03ED92DBEE-1024x1024.png 1024w, https:\/\/www.specialtrainingdogs.it\/wp-content\/uploads\/2023\/07\/E0A7610E-F184-45C9-B245-DB03ED92DBEE-300x300.png 300w, https:\/\/www.specialtrainingdogs.it\/wp-content\/uploads\/2023\/07\/E0A7610E-F184-45C9-B245-DB03ED92DBEE-150x150.png 150w, https:\/\/www.specialtrainingdogs.it\/wp-content\/uploads\/2023\/07\/E0A7610E-F184-45C9-B245-DB03ED92DBEE-768x768.png 768w, https:\/\/www.specialtrainingdogs.it\/wp-content\/uploads\/2023\/07\/E0A7610E-F184-45C9-B245-DB03ED92DBEE-600x600.png 600w, https:\/\/www.specialtrainingdogs.it\/wp-content\/uploads\/2023\/07\/E0A7610E-F184-45C9-B245-DB03ED92DBEE-800x800.png 800w, https:\/\/www.specialtrainingdogs.it\/wp-content\/uploads\/2023\/07\/E0A7610E-F184-45C9-B245-DB03ED92DBEE.png 1080w\" sizes=\"auto, 100vw\" \/>\t\t\t\t\t\t\t\t\t\t\t\t\t\t\t<\/div>\n\t\t\t\t<\/div>\n\t\t\t\t\t<\/div>\n\t\t<\/div>\n\t\t\t\t\t\t\t<\/div>\n\t\t<\/section>\n\t\t\t\t\t\t\t<\/div>\n\t\t","protected":false},"excerpt":{"rendered":"<p>Il mio percorso di vita con la natura animale inizi\u00f2 molto prima che con gli esseri umani; ebbe inizio nel lontano 1970, vista la giovane et\u00e0 orientarsi non era facile. Ci\u00f2 che mi guid\u00f2 fu la forte curiosit\u00e0 che ancora oggi, a 61 anni, \u00e8 la fonte dove attingo la forza per la ricerca. Con &hellip; <\/p>\n<p class=\"link-more\"><a href=\"https:\/\/www.specialtrainingdogs.it\/index.php\/chi-siamo\/\" class=\"more-link\">Leggi tutto<span class=\"screen-reader-text\"> &#8220;Chi siamo&#8221;<\/span><\/a><\/p>\n","protected":false},"author":1,"featured_media":0,"parent":0,"menu_order":0,"comment_status":"closed","ping_status":"closed","template":"","meta":{"footnotes":""},"class_list":["post-10","page","type-page","status-publish","hentry"],"yoast_head":"<!-- This site is optimized with the Yoast SEO plugin v21.3 - https:\/\/yoast.com\/wordpress\/plugins\/seo\/ -->\r\n<title>Chi siamo - Special Training Dogs<\/title>\r\n<meta name=\"robots\" content=\"index, follow, max-snippet:-1, max-image-preview:large, max-video-preview:-1\" \/>\r\n<link rel=\"canonical\" href=\"https:\/\/www.specialtrainingdogs.it\/index.php\/chi-siamo\/\" \/>\r\n<meta property=\"og:locale\" content=\"it_IT\" \/>\r\n<meta property=\"og:type\" content=\"article\" \/>\r\n<meta property=\"og:title\" content=\"Chi siamo - Special Training Dogs\" \/>\r\n<meta property=\"og:description\" content=\"Il mio percorso di vita con la natura animale inizi\u00f2 molto prima che con gli esseri umani; ebbe inizio nel lontano 1970, vista la giovane et\u00e0 orientarsi non era facile. Ci\u00f2 che mi guid\u00f2 fu la forte curiosit\u00e0 che ancora oggi, a 61 anni, \u00e8 la fonte dove attingo la forza per la ricerca. Con &hellip; Leggi tutto &quot;Chi siamo&quot;\" \/>\r\n<meta property=\"og:url\" content=\"https:\/\/www.specialtrainingdogs.it\/index.php\/chi-siamo\/\" \/>\r\n<meta property=\"og:site_name\" content=\"Special Training Dogs\" \/>\r\n<meta property=\"article:publisher\" content=\"https:\/\/www.facebook.com\/centrocinofiloculturale\" \/>\r\n<meta property=\"article:modified_time\" content=\"2023-07-17T10:37:23+00:00\" \/>\r\n<meta property=\"og:image\" content=\"https:\/\/www.specialtrainingdogs.it\/wp-content\/uploads\/2023\/07\/9FAD2D6F-9856-4DD2-A1D6-B296535FCF1B-206x300.jpeg\" \/>\r\n<meta name=\"twitter:card\" content=\"summary_large_image\" \/>\r\n<meta name=\"twitter:label1\" content=\"Tempo di lettura stimato\" \/>\n\t<meta name=\"twitter:data1\" content=\"4 minuti\" \/>\r\n<script type=\"application\/ld+json\" class=\"yoast-schema-graph\">{\"@context\":\"https:\/\/schema.org\",\"@graph\":[{\"@type\":\"WebPage\",\"@id\":\"https:\/\/www.specialtrainingdogs.it\/index.php\/chi-siamo\/\",\"url\":\"https:\/\/www.specialtrainingdogs.it\/index.php\/chi-siamo\/\",\"name\":\"Chi siamo - Special Training Dogs\",\"isPartOf\":{\"@id\":\"https:\/\/www.specialtrainingdogs.it\/#website\"},\"datePublished\":\"2023-06-05T09:47:12+00:00\",\"dateModified\":\"2023-07-17T10:37:23+00:00\",\"breadcrumb\":{\"@id\":\"https:\/\/www.specialtrainingdogs.it\/index.php\/chi-siamo\/#breadcrumb\"},\"inLanguage\":\"it-IT\",\"potentialAction\":[{\"@type\":\"ReadAction\",\"target\":[\"https:\/\/www.specialtrainingdogs.it\/index.php\/chi-siamo\/\"]}]},{\"@type\":\"BreadcrumbList\",\"@id\":\"https:\/\/www.specialtrainingdogs.it\/index.php\/chi-siamo\/#breadcrumb\",\"itemListElement\":[{\"@type\":\"ListItem\",\"position\":1,\"name\":\"Home\",\"item\":\"https:\/\/www.specialtrainingdogs.it\/\"},{\"@type\":\"ListItem\",\"position\":2,\"name\":\"Chi siamo\"}]},{\"@type\":\"WebSite\",\"@id\":\"https:\/\/www.specialtrainingdogs.it\/#website\",\"url\":\"https:\/\/www.specialtrainingdogs.it\/\",\"name\":\"Special Training Dogs\",\"description\":\"Centro addestramento cinofilo Roma est\",\"publisher\":{\"@id\":\"https:\/\/www.specialtrainingdogs.it\/#organization\"},\"potentialAction\":[{\"@type\":\"SearchAction\",\"target\":{\"@type\":\"EntryPoint\",\"urlTemplate\":\"https:\/\/www.specialtrainingdogs.it\/?s={search_term_string}\"},\"query-input\":\"required name=search_term_string\"}],\"inLanguage\":\"it-IT\"},{\"@type\":\"Organization\",\"@id\":\"https:\/\/www.specialtrainingdogs.it\/#organization\",\"name\":\"Special Training Dogs\",\"url\":\"https:\/\/www.specialtrainingdogs.it\/\",\"logo\":{\"@type\":\"ImageObject\",\"inLanguage\":\"it-IT\",\"@id\":\"https:\/\/www.specialtrainingdogs.it\/#\/schema\/logo\/image\/\",\"url\":\"https:\/\/www.specialtrainingdogs.it\/wp-content\/uploads\/2023\/06\/cropped-logo.png\",\"contentUrl\":\"https:\/\/www.specialtrainingdogs.it\/wp-content\/uploads\/2023\/06\/cropped-logo.png\",\"width\":100,\"height\":100,\"caption\":\"Special Training Dogs\"},\"image\":{\"@id\":\"https:\/\/www.specialtrainingdogs.it\/#\/schema\/logo\/image\/\"},\"sameAs\":[\"https:\/\/www.facebook.com\/centrocinofiloculturale\",\"https:\/\/www.instagram.com\/special_training_dogs\/\"]}]}<\/script>\r\n<!-- \/ Yoast SEO plugin. -->","yoast_head_json":{"title":"Chi siamo - Special Training Dogs","robots":{"index":"index","follow":"follow","max-snippet":"max-snippet:-1","max-image-preview":"max-image-preview:large","max-video-preview":"max-video-preview:-1"},"canonical":"https:\/\/www.specialtrainingdogs.it\/index.php\/chi-siamo\/","og_locale":"it_IT","og_type":"article","og_title":"Chi siamo - Special Training Dogs","og_description":"Il mio percorso di vita con la natura animale inizi\u00f2 molto prima che con gli esseri umani; ebbe inizio nel lontano 1970, vista la giovane et\u00e0 orientarsi non era facile. Ci\u00f2 che mi guid\u00f2 fu la forte curiosit\u00e0 che ancora oggi, a 61 anni, \u00e8 la fonte dove attingo la forza per la ricerca. Con &hellip; Leggi tutto \"Chi siamo\"","og_url":"https:\/\/www.specialtrainingdogs.it\/index.php\/chi-siamo\/","og_site_name":"Special Training Dogs","article_publisher":"https:\/\/www.facebook.com\/centrocinofiloculturale","article_modified_time":"2023-07-17T10:37:23+00:00","og_image":[{"url":"https:\/\/www.specialtrainingdogs.it\/wp-content\/uploads\/2023\/07\/9FAD2D6F-9856-4DD2-A1D6-B296535FCF1B-206x300.jpeg"}],"twitter_card":"summary_large_image","twitter_misc":{"Tempo di lettura stimato":"4 minuti"},"schema":{"@context":"https:\/\/schema.org","@graph":[{"@type":"WebPage","@id":"https:\/\/www.specialtrainingdogs.it\/index.php\/chi-siamo\/","url":"https:\/\/www.specialtrainingdogs.it\/index.php\/chi-siamo\/","name":"Chi siamo - Special Training Dogs","isPartOf":{"@id":"https:\/\/www.specialtrainingdogs.it\/#website"},"datePublished":"2023-06-05T09:47:12+00:00","dateModified":"2023-07-17T10:37:23+00:00","breadcrumb":{"@id":"https:\/\/www.specialtrainingdogs.it\/index.php\/chi-siamo\/#breadcrumb"},"inLanguage":"it-IT","potentialAction":[{"@type":"ReadAction","target":["https:\/\/www.specialtrainingdogs.it\/index.php\/chi-siamo\/"]}]},{"@type":"BreadcrumbList","@id":"https:\/\/www.specialtrainingdogs.it\/index.php\/chi-siamo\/#breadcrumb","itemListElement":[{"@type":"ListItem","position":1,"name":"Home","item":"https:\/\/www.specialtrainingdogs.it\/"},{"@type":"ListItem","position":2,"name":"Chi siamo"}]},{"@type":"WebSite","@id":"https:\/\/www.specialtrainingdogs.it\/#website","url":"https:\/\/www.specialtrainingdogs.it\/","name":"Special Training Dogs","description":"Centro addestramento cinofilo Roma est","publisher":{"@id":"https:\/\/www.specialtrainingdogs.it\/#organization"},"potentialAction":[{"@type":"SearchAction","target":{"@type":"EntryPoint","urlTemplate":"https:\/\/www.specialtrainingdogs.it\/?s={search_term_string}"},"query-input":"required name=search_term_string"}],"inLanguage":"it-IT"},{"@type":"Organization","@id":"https:\/\/www.specialtrainingdogs.it\/#organization","name":"Special Training Dogs","url":"https:\/\/www.specialtrainingdogs.it\/","logo":{"@type":"ImageObject","inLanguage":"it-IT","@id":"https:\/\/www.specialtrainingdogs.it\/#\/schema\/logo\/image\/","url":"https:\/\/www.specialtrainingdogs.it\/wp-content\/uploads\/2023\/06\/cropped-logo.png","contentUrl":"https:\/\/www.specialtrainingdogs.it\/wp-content\/uploads\/2023\/06\/cropped-logo.png","width":100,"height":100,"caption":"Special Training Dogs"},"image":{"@id":"https:\/\/www.specialtrainingdogs.it\/#\/schema\/logo\/image\/"},"sameAs":["https:\/\/www.facebook.com\/centrocinofiloculturale","https:\/\/www.instagram.com\/special_training_dogs\/"]}]}},"featured_media_urls":[],"_links":{"self":[{"href":"https:\/\/www.specialtrainingdogs.it\/index.php\/wp-json\/wp\/v2\/pages\/10","targetHints":{"allow":["GET"]}}],"collection":[{"href":"https:\/\/www.specialtrainingdogs.it\/index.php\/wp-json\/wp\/v2\/pages"}],"about":[{"href":"https:\/\/www.specialtrainingdogs.it\/index.php\/wp-json\/wp\/v2\/types\/page"}],"author":[{"embeddable":true,"href":"https:\/\/www.specialtrainingdogs.it\/index.php\/wp-json\/wp\/v2\/users\/1"}],"replies":[{"embeddable":true,"href":"https:\/\/www.specialtrainingdogs.it\/index.php\/wp-json\/wp\/v2\/comments?post=10"}],"version-history":[{"count":37,"href":"https:\/\/www.specialtrainingdogs.it\/index.php\/wp-json\/wp\/v2\/pages\/10\/revisions"}],"predecessor-version":[{"id":6586,"href":"https:\/\/www.specialtrainingdogs.it\/index.php\/wp-json\/wp\/v2\/pages\/10\/revisions\/6586"}],"wp:attachment":[{"href":"https:\/\/www.specialtrainingdogs.it\/index.php\/wp-json\/wp\/v2\/media?parent=10"}],"curies":[{"name":"wp","href":"https:\/\/api.w.org\/{rel}","templated":true}]}}